{"id":13238,"date":"2022-04-18T13:05:26","date_gmt":"2022-04-18T11:05:26","guid":{"rendered":"https:\/\/www.kolbert.cz\/autoservis\/?page_id=13238"},"modified":"2026-04-19T16:00:13","modified_gmt":"2026-04-19T14:00:13","slug":"provozni-doba","status":"publish","type":"page","link":"https:\/\/www.kolbert.cz\/autoservis\/provozni-doba\/","title":{"rendered":"Kontakt &#8211; provozn\u00ed doba"},"content":{"rendered":"\n<div class=\"wp-block-group\"><div class=\"wp-block-group__inner-container is-layout-flow wp-block-group-is-layout-flow\">\n<p>Jsme v\u00e1m k dispozici v pracovn\u00ed dny od 8:00 do 16:00<\/p>\n\n\n\n<p><strong>S\u00eddlo:<\/strong> Turistick\u00e1 528\/43, Brno &#8211; Medl\u00e1nky, 621 00<\/p>\n\n\n\n<p><strong>Provozovna:<\/strong> Kar\u00e1sek 1767\/1, hala 33, Brno, 621 00<\/p>\n\n\n\n<p><\/p>\n\n\n\n<p>Tel.: +420725499411<\/p>\n\n\n\n<p>email: <a href=\"mailto:info@czechcars-brno.cz\">info@czechcars-brno.cz<\/a><\/p>\n\n\n\n<p><\/p>\n\n\n\n<p>I\u010cO: 03843581<\/p>\n\n\n\n<p>DI\u010c: CZ03843581<\/p>\n\n\n\n<p>Datov\u00e1 schr\u00e1nka: i9gx344<\/p>\n\n\n\n<p><strong>Mapa:<\/strong><\/p>\n\n\n\n<iframe loading=\"lazy\" style=\"border:none\" src=\"https:\/\/mapy.com\/s\/fuzugulozu\" width=\"100%\" height=\"466\" frameborder=\"0\"><\/iframe>\n\n\n<\/div><\/div>\n","protected":false},"excerpt":{"rendered":"<p>Jsme v\u00e1m k dispozici v pracovn\u00ed dny od 8:00 do 16:00 S\u00eddlo: Turistick\u00e1 528\/43, Brno &#8211; Medl\u00e1nky, 621 00 Provozovna: Kar\u00e1sek 1767\/1, hala 33, Brno, 621 00 Tel.: +420725499411 email: info@czechcars-brno.cz I\u010cO: 03843581 DI\u010c: CZ03843581 Datov\u00e1 schr\u00e1nka: i9gx344 Mapa:<\/p>\n","protected":false},"author":1,"featured_media":0,"parent":0,"menu_order":2,"comment_status":"closed","ping_status":"closed","template":"","meta":{"ngg_post_thumbnail":0,"footnotes":""},"class_list":["post-13238","page","type-page","status-publish","hentry"],"_links":{"self":[{"href":"https:\/\/www.kolbert.cz\/autoservis\/wp-json\/wp\/v2\/pages\/13238","targetHints":{"allow":["GET"]}}],"collection":[{"href":"https:\/\/www.kolbert.cz\/autoservis\/wp-json\/wp\/v2\/pages"}],"about":[{"href":"https:\/\/www.kolbert.cz\/autoservis\/wp-json\/wp\/v2\/types\/page"}],"author":[{"embeddable":true,"href":"https:\/\/www.kolbert.cz\/autoservis\/wp-json\/wp\/v2\/users\/1"}],"replies":[{"embeddable":true,"href":"https:\/\/www.kolbert.cz\/autoservis\/wp-json\/wp\/v2\/comments?post=13238"}],"version-history":[{"count":28,"href":"https:\/\/www.kolbert.cz\/autoservis\/wp-json\/wp\/v2\/pages\/13238\/revisions"}],"predecessor-version":[{"id":13565,"href":"https:\/\/www.kolbert.cz\/autoservis\/wp-json\/wp\/v2\/pages\/13238\/revisions\/13565"}],"wp:attachment":[{"href":"https:\/\/www.kolbert.cz\/autoservis\/wp-json\/wp\/v2\/media?parent=13238"}],"curies":[{"name":"wp","href":"https:\/\/api.w.org\/{rel}","templated":true}]}}