{"id":1722,"date":"2021-05-23T18:37:08","date_gmt":"2021-05-23T16:37:08","guid":{"rendered":"https:\/\/www.kolbert.cz\/autoservis\/?page_id=1722"},"modified":"2022-04-18T13:08:26","modified_gmt":"2022-04-18T11:08:26","slug":"fotogalerie","status":"publish","type":"page","link":"https:\/\/www.kolbert.cz\/autoservis\/fotogalerie\/","title":{"rendered":"Fotogalerie"},"content":{"rendered":"<h4 style=\"text-align: center;\">Budov\u00e1n\u00ed provozovny<\/h4>\n<figure><a href=\"https:\/\/www.kolbert.cz\/autoservis\/fotogalerie\/provozovna\/\"><img loading=\"lazy\" decoding=\"async\" class=\"aligncenter\" src=\"https:\/\/www.kolbert.cz\/wp-content\/uploads\/2019\/02\/103.png\" sizes=\"auto, (max-width: 867px) 100vw, 867px\" srcset=\"https:\/\/www.kolbert.cz\/wp-content\/uploads\/2019\/02\/103.png 867w, https:\/\/www.kolbert.cz\/wp-content\/uploads\/2019\/02\/103-600x450.png 600w, https:\/\/www.kolbert.cz\/wp-content\/uploads\/2019\/02\/103-300x225.png 300w, https:\/\/www.kolbert.cz\/wp-content\/uploads\/2019\/02\/103-768x576.png 768w\" alt=\"\" width=\"400\" height=\"300\"\/><\/a><\/figure>\n<h4 style=\"text-align: center;\"><strong>Na\u0161e pr\u00e1ce<\/strong><\/h4>\n<figure><a href=\"https:\/\/www.kolbert.cz\/autoservis\/fotogalerie\/nase-prace\/\"><img loading=\"lazy\" decoding=\"async\" class=\"aligncenter\" src=\"https:\/\/www.kolbert.cz\/wp-content\/uploads\/2019\/02\/11.jpg\" sizes=\"auto, (max-width: 720px) 100vw, 720px\" srcset=\"https:\/\/www.kolbert.cz\/wp-content\/uploads\/2019\/02\/11.jpg 720w, https:\/\/www.kolbert.cz\/wp-content\/uploads\/2019\/02\/11-600x800.jpg 600w, https:\/\/www.kolbert.cz\/wp-content\/uploads\/2019\/02\/11-225x300.jpg 225w\" alt=\"\" width=\"404\" height=\"539\"\/><\/a><\/figure>\n<h3 style=\"text-align: center;\">&nbsp;<\/h3>\n<p>&nbsp;<\/p>\n\n\n<ul class=\"wp-block-social-links is-layout-flex wp-block-social-links-is-layout-flex\"><li class=\"wp-social-link wp-social-link-facebook  wp-block-social-link\"><a href=\"https:\/\/www.facebook.com\/CzechCarsBrno\" class=\"wp-block-social-link-anchor\"><svg width=\"24\" height=\"24\" viewBox=\"0 0 24 24\" version=\"1.1\" xmlns=\"http:\/\/www.w3.org\/2000\/svg\" aria-hidden=\"true\" focusable=\"false\"><path d=\"M12 2C6.5 2 2 6.5 2 12c0 5 3.7 9.1 8.4 9.9v-7H7.9V12h2.5V9.8c0-2.5 1.5-3.9 3.8-3.9 1.1 0 2.2.2 2.2.2v2.5h-1.3c-1.2 0-1.6.8-1.6 1.6V12h2.8l-.4 2.9h-2.3v7C18.3 21.1 22 17 22 12c0-5.5-4.5-10-10-10z\"><\/path><\/svg><span class=\"wp-block-social-link-label screen-reader-text\">Facebook<\/span><\/a><\/li><\/ul>\n\n\n\n<p><\/p>\n","protected":false},"excerpt":{"rendered":"<p>Budov\u00e1n\u00ed provozovny Na\u0161e pr\u00e1ce &nbsp; &nbsp;<\/p>\n","protected":false},"author":1,"featured_media":0,"parent":0,"menu_order":1,"comment_status":"closed","ping_status":"closed","template":"","meta":{"ngg_post_thumbnail":0,"footnotes":""},"class_list":["post-1722","page","type-page","status-publish","hentry"],"_links":{"self":[{"href":"https:\/\/www.kolbert.cz\/autoservis\/wp-json\/wp\/v2\/pages\/1722","targetHints":{"allow":["GET"]}}],"collection":[{"href":"https:\/\/www.kolbert.cz\/autoservis\/wp-json\/wp\/v2\/pages"}],"about":[{"href":"https:\/\/www.kolbert.cz\/autoservis\/wp-json\/wp\/v2\/types\/page"}],"author":[{"embeddable":true,"href":"https:\/\/www.kolbert.cz\/autoservis\/wp-json\/wp\/v2\/users\/1"}],"replies":[{"embeddable":true,"href":"https:\/\/www.kolbert.cz\/autoservis\/wp-json\/wp\/v2\/comments?post=1722"}],"version-history":[{"count":30,"href":"https:\/\/www.kolbert.cz\/autoservis\/wp-json\/wp\/v2\/pages\/1722\/revisions"}],"predecessor-version":[{"id":13217,"href":"https:\/\/www.kolbert.cz\/autoservis\/wp-json\/wp\/v2\/pages\/1722\/revisions\/13217"}],"wp:attachment":[{"href":"https:\/\/www.kolbert.cz\/autoservis\/wp-json\/wp\/v2\/media?parent=1722"}],"curies":[{"name":"wp","href":"https:\/\/api.w.org\/{rel}","templated":true}]}}