{"id":698,"date":"2019-02-02T18:45:53","date_gmt":"2019-02-02T17:45:53","guid":{"rendered":"http:\/\/www.kolbert.cz\/uvodni-stranka\/?page_id=698"},"modified":"2022-01-30T21:18:35","modified_gmt":"2022-01-30T20:18:35","slug":"nase-prace","status":"publish","type":"page","link":"https:\/\/www.kolbert.cz\/autoservis\/fotogalerie\/nase-prace\/","title":{"rendered":"Na\u0161e pr\u00e1ce"},"content":{"rendered":"\n<h3 class=\"has-text-align-center has-black-color has-text-color wp-block-heading\" id=\"montaz-denniho-sviceni-fiat-ducato\"><strong>Mont\u00e1\u017e denn\u00edho sv\u00edcen\u00ed Fiat Ducato<\/strong><\/h3>\n\n\n\n<ul class=\"wp-block-social-links is-layout-flex wp-block-social-links-is-layout-flex\"><li class=\"wp-social-link wp-social-link-facebook  animated rollIn delay-3s slower wp-block-social-link\"><a href=\"https:\/\/www.facebook.com\/CzechCarsBrno\" class=\"wp-block-social-link-anchor\"><svg width=\"24\" height=\"24\" viewBox=\"0 0 24 24\" version=\"1.1\" xmlns=\"http:\/\/www.w3.org\/2000\/svg\" aria-hidden=\"true\" focusable=\"false\"><path d=\"M12 2C6.5 2 2 6.5 2 12c0 5 3.7 9.1 8.4 9.9v-7H7.9V12h2.5V9.8c0-2.5 1.5-3.9 3.8-3.9 1.1 0 2.2.2 2.2.2v2.5h-1.3c-1.2 0-1.6.8-1.6 1.6V12h2.8l-.4 2.9h-2.3v7C18.3 21.1 22 17 22 12c0-5.5-4.5-10-10-10z\"><\/path><\/svg><span class=\"wp-block-social-link-label screen-reader-text\">Facebook str\u00e1nky<\/span><\/a><\/li><\/ul>\n\n\n\n<div class=\"wp-block-image\"><figure class=\"aligncenter size-large is-resized\"><a href=\"https:\/\/www.kolbert.cz\/autoservis\/fotogalerie\/nase-prace\/denni-sviceni-fiat-ducato\/\"><img loading=\"lazy\" decoding=\"async\" src=\"https:\/\/www.kolbert.cz\/wp-content\/uploads\/2019\/02\/3-1-1024x768.jpg\" alt=\"\" class=\"wp-image-972\" width=\"582\" height=\"437\"\/><\/a><\/figure><\/div>\n\n\n\n<h3 class=\"has-text-align-center has-black-color has-text-color wp-block-heading\" id=\"oprava-sani-motoru-chrysler\"><strong>Oprava s\u00e1n\u00ed motoru Chrysler<\/strong><\/h3>\n\n\n\n<div class=\"wp-block-image\"><figure class=\"aligncenter size-large\"><a href=\"https:\/\/www.kolbert.cz\/autoservis\/fotogalerie\/nase-prace\/chrysler-300c\/\"><img loading=\"lazy\" decoding=\"async\" width=\"1024\" height=\"768\" src=\"https:\/\/www.kolbert.cz\/wp-content\/uploads\/2019\/02\/1-2-1024x768.jpg\" alt=\"Oprava s\u00e1n\u00ed Chrysler 300C\" class=\"wp-image-976\"\/><\/a><\/figure><\/div>\n\n\n\n<div class=\"wp-block-group\"><div class=\"wp-block-group__inner-container is-layout-flow wp-block-group-is-layout-flow\">\n<h3 class=\"has-text-align-center has-black-color has-text-color wp-block-heading\" id=\"repas-brzdicu-jeep-grand-cherokee\"><strong>Repas brzdi\u010d\u016f Jeep Grand Cherokee<\/strong><\/h3>\n<\/div><\/div>\n\n\n\n<div class=\"wp-block-image\"><figure class=\"aligncenter size-large\"><a href=\"https:\/\/www.kolbert.cz\/autoservis\/fotogalerie\/nase-prace\/jeep-repas-brzdicu\/\"><img loading=\"lazy\" decoding=\"async\" width=\"720\" height=\"960\" src=\"https:\/\/www.kolbert.cz\/wp-content\/uploads\/2019\/02\/9.jpg\" alt=\"\" class=\"wp-image-958\" srcset=\"https:\/\/www.kolbert.cz\/wp-content\/uploads\/2019\/02\/9.jpg 720w, https:\/\/www.kolbert.cz\/wp-content\/uploads\/2019\/02\/9-600x800.jpg 600w, https:\/\/www.kolbert.cz\/wp-content\/uploads\/2019\/02\/9-225x300.jpg 225w\" sizes=\"auto, (max-width: 720px) 100vw, 720px\" \/><\/a><\/figure><\/div>\n\n\n\n<h3 class=\"has-text-align-center has-black-color has-text-color wp-block-heading\" id=\"oprava-karoserie-bmw-z3\"><strong>Oprava karoserie BMW Z3<\/strong><\/h3>\n\n\n\n<div class=\"wp-block-image\"><figure class=\"aligncenter size-large is-resized\"><a href=\"https:\/\/www.kolbert.cz\/autoservis\/fotogalerie\/nase-prace\/2447-2\/\"><img loading=\"lazy\" decoding=\"async\" src=\"https:\/\/www.kolbert.cz\/wp-content\/uploads\/2019\/02\/IMG_50921-1024x768.jpg\" alt=\"\" class=\"wp-image-735\" width=\"720\" height=\"540\" srcset=\"https:\/\/www.kolbert.cz\/wp-content\/uploads\/2019\/02\/IMG_50921-1024x768.jpg 1024w, https:\/\/www.kolbert.cz\/wp-content\/uploads\/2019\/02\/IMG_50921-scaled-600x450.jpg 600w, https:\/\/www.kolbert.cz\/wp-content\/uploads\/2019\/02\/IMG_50921-300x225.jpg 300w, https:\/\/www.kolbert.cz\/wp-content\/uploads\/2019\/02\/IMG_50921-768x576.jpg 768w\" sizes=\"auto, (max-width: 720px) 100vw, 720px\" \/><\/a><\/figure><\/div>\n\n\n\n<p><\/p>\n","protected":false},"excerpt":{"rendered":"<p>Mont\u00e1\u017e denn\u00edho sv\u00edcen\u00ed Fiat Ducato Oprava s\u00e1n\u00ed motoru Chrysler Repas brzdi\u010d\u016f Jeep Grand Cherokee Oprava karoserie BMW Z3<\/p>\n","protected":false},"author":1,"featured_media":0,"parent":1722,"menu_order":4,"comment_status":"closed","ping_status":"closed","template":"","meta":{"ngg_post_thumbnail":0,"footnotes":""},"class_list":["post-698","page","type-page","status-publish","hentry"],"_links":{"self":[{"href":"https:\/\/www.kolbert.cz\/autoservis\/wp-json\/wp\/v2\/pages\/698","targetHints":{"allow":["GET"]}}],"collection":[{"href":"https:\/\/www.kolbert.cz\/autoservis\/wp-json\/wp\/v2\/pages"}],"about":[{"href":"https:\/\/www.kolbert.cz\/autoservis\/wp-json\/wp\/v2\/types\/page"}],"author":[{"embeddable":true,"href":"https:\/\/www.kolbert.cz\/autoservis\/wp-json\/wp\/v2\/users\/1"}],"replies":[{"embeddable":true,"href":"https:\/\/www.kolbert.cz\/autoservis\/wp-json\/wp\/v2\/comments?post=698"}],"version-history":[{"count":78,"href":"https:\/\/www.kolbert.cz\/autoservis\/wp-json\/wp\/v2\/pages\/698\/revisions"}],"predecessor-version":[{"id":13215,"href":"https:\/\/www.kolbert.cz\/autoservis\/wp-json\/wp\/v2\/pages\/698\/revisions\/13215"}],"up":[{"embeddable":true,"href":"https:\/\/www.kolbert.cz\/autoservis\/wp-json\/wp\/v2\/pages\/1722"}],"wp:attachment":[{"href":"https:\/\/www.kolbert.cz\/autoservis\/wp-json\/wp\/v2\/media?parent=698"}],"curies":[{"name":"wp","href":"https:\/\/api.w.org\/{rel}","templated":true}]}}